{"id":3151,"date":"2019-03-11T09:56:15","date_gmt":"2019-03-11T08:56:15","guid":{"rendered":"https:\/\/www.pfalzmarkt.de\/?page_id=3151"},"modified":"2026-03-02T10:14:52","modified_gmt":"2026-03-02T09:14:52","slug":"imprint","status":"publish","type":"page","link":"https:\/\/www.pfalzmarkt.de\/en\/imprint\/","title":{"rendered":"Imprint"},"content":{"rendered":"\n<p><strong>Publisher:<\/strong><br>Pfalzmarkt f\u00fcr Obst und Gem\u00fcse eG<br>Neustadter Str. 100<br>67112 Mutterstadt<\/p>\n\n\n\n<p><strong>Board:<\/strong><br>Reinhard Oerther, Hans-J\u00f6rg Friedrich<\/p>\n\n\n\n<p><strong>Contact:<\/strong><br>E-Mail: info@pfalzmarkt.de<br>Internet: <a href=\"https:\/\/www.pfalzmarkt.de\/en\/\">https:\/\/www.pfalzmarkt.de<\/a><\/p>\n\n\n\n<p><strong>VAT identification number in accordance with Section 27a UStG:<\/strong><br>DE 149755218<\/p>\n\n\n\n<p><strong>Cooperative register:<\/strong><br>Registergericht Ludwigshafen, Gn.R. 248<\/p>\n\n\n\n<p><strong>Audit Association in accordance with Section 54 GenG:<\/strong><br>Genoverband e.V., Verwaltungssitz Hannover, Karl-Wiechert-Allee 76 a, 30625 Hannover<\/p>\n\n\n\n<p><strong>Responsible for content in accordance with Section 18, Paragraph 2 of the MStV:<\/strong><br>Reinhard Oerther, Hans-J\u00f6rg Friedrich<\/p>\n\n\n\n<p><strong>Disclaimer<\/strong><\/p>\n\n\n\n<ol class=\"wp-block-list\">\n<li><strong>Content of the online offer<\/strong><br>Pfalzmarkt f\u00fcr Obst und Gem\u00fcse eG assumes no liability for the topicality, correctness, completeness or quality of the information provided. Liability claims against the Palatinate Market, which relate to material or non-material damage caused by the use or non-use of the information provided or by the use of incorrect and incomplete information, are excluded in principle, provided that there is no demonstrable intentional or grossly negligent fault on the part of the Pfalzmarkt f\u00fcr Obst und Gem\u00fcse eG. All offers are subject to change and non-binding. Pfalzmarkt f\u00fcr Obst und Gem\u00fcse eG expressly reserves the right to change, supplement or delete parts of the pages or the entire offer without prior notice or to discontinue publication temporarily or permanently.<\/li>\n\n\n\n<li><strong>References, links, disclaimer<\/strong><br>If reference targets, links are directly or indirectly referred via our pages and the internet offer of another provider not belonging to the Pfalzmarkt Group is accessed, Pfalzmarkt f\u00fcr Obst und Gem\u00fcse eG assumes responsibility for the content and correctness of these pages. no responsibility. The operators of external sites are solely responsible for their content. External content has been tested for illegality and criminality when setting links. It cannot be ruled out that the content will be changed retrospectively by the external providers. The Pfalzmarkt f\u00fcr Obst und Gem\u00fcse eG is not obliged to constantly examine them and therefore disclaims any liability. In no case are we responsible for the content of websites of other providers that refer to our website on their pages.<\/li>\n\n\n\n<li><strong>Legal validity of this disclaimer<\/strong><br>This disclaimer is to be regarded as part of the internet offer from which this page was referred. If parts or individual formulations of this text do not, no longer or not completely comply with the applicable legal situation, the remaining parts of the document remain unaffected in their content and validity.<\/li>\n<\/ol>\n\n\n\n<p><strong>Image sources used:<\/strong><br>Here you can find the <a href=\"\/en\/?page_id=3154\">single screen proofs<\/a> for the licensed photos of this website.<\/p>\n\n\n\n<p><strong>Icons Kochrezepte:<\/strong><br>Icons erstellt von <a href=\"https:\/\/www.flaticon.com\/authors\/monkik\" target=\"_blank\" aria-label=\" (opens in a new tab)\" rel=\"noreferrer noopener\" class=\"rank-math-link\">monkik<\/a> f\u00fcr <a href=\"https:\/\/www.flaticon.com\/\" target=\"_blank\" aria-label=\" (opens in a new tab)\" rel=\"noreferrer noopener\" class=\"rank-math-link\">www.flaticon.com<\/a> sind lizenziert unter <a rel=\"noreferrer noopener\" class=\"rank-math-link\" href=\"http:\/\/creativecommons.org\/licenses\/by\/3.0\/\" target=\"_blank\">CC 3.0 BY<\/a><\/p>\n","protected":false},"excerpt":{"rendered":"<p>Publisher:Pfalzmarkt f\u00fcr Obst und Gem\u00fcse eGNeustadter Str. 10067112 Mutterstadt Board:Reinhard Oerther, Hans-J\u00f6rg Friedrich Contact:E-Mail: info@pfalzmarkt.deInternet: https:\/\/www.pfalzmarkt.de VAT identification number in accordance with Section 27a UStG:DE 149755218 Cooperative register:Registergericht Ludwigshafen, Gn.R. 248 Audit Association in accordance with Section 54 GenG:Genoverband e.V., Verwaltungssitz Hannover, Karl-Wiechert-Allee 76 a, 30625 Hannover Responsible for content in accordance with Section 18, [&hellip;]<\/p>\n","protected":false},"author":3,"featured_media":0,"parent":0,"menu_order":0,"comment_status":"closed","ping_status":"closed","template":"","meta":{"_acf_changed":false,"inline_featured_image":false,"footnotes":""},"class_list":["post-3151","page","type-page","status-publish"],"acf":[],"_links":{"self":[{"href":"https:\/\/www.pfalzmarkt.de\/en\/wp-json\/wp\/v2\/pages\/3151","targetHints":{"allow":["GET"]}}],"collection":[{"href":"https:\/\/www.pfalzmarkt.de\/en\/wp-json\/wp\/v2\/pages"}],"about":[{"href":"https:\/\/www.pfalzmarkt.de\/en\/wp-json\/wp\/v2\/types\/page"}],"author":[{"embeddable":true,"href":"https:\/\/www.pfalzmarkt.de\/en\/wp-json\/wp\/v2\/users\/3"}],"replies":[{"embeddable":true,"href":"https:\/\/www.pfalzmarkt.de\/en\/wp-json\/wp\/v2\/comments?post=3151"}],"version-history":[{"count":8,"href":"https:\/\/www.pfalzmarkt.de\/en\/wp-json\/wp\/v2\/pages\/3151\/revisions"}],"predecessor-version":[{"id":12368,"href":"https:\/\/www.pfalzmarkt.de\/en\/wp-json\/wp\/v2\/pages\/3151\/revisions\/12368"}],"wp:attachment":[{"href":"https:\/\/www.pfalzmarkt.de\/en\/wp-json\/wp\/v2\/media?parent=3151"}],"curies":[{"name":"wp","href":"https:\/\/api.w.org\/{rel}","templated":true}]}}