{"id":3144,"date":"2019-06-04T16:49:45","date_gmt":"2019-06-04T14:49:45","guid":{"rendered":"https:\/\/www.pfalzmarkt.de\/?page_id=3144"},"modified":"2026-01-06T14:50:06","modified_gmt":"2026-01-06T13:50:06","slug":"quality-assurance-certifications","status":"publish","type":"page","link":"https:\/\/www.pfalzmarkt.de\/en\/quality-assurance-certifications\/","title":{"rendered":"Certifications"},"content":{"rendered":"\n<h2 class=\"wp-block-heading\">Pfalzmarkt f\u00fcr Obst und Gem\u00fcse eG<\/h2>\n\n\n<!-- Block for downloads with image preview-->\n\n\t<div class=\"download_with_image_preview\">\n\t\t<div class=\"row\">\n\t\t\t\t\t\t<div class=\"col-md-6 col-lg-4\">\n\t\t\t\t<div class=\"border p-4 text-center mb-5\">\n\t\t\t\t\t\t\t\t\t\t\t\t\t\t\t\t<img decoding=\"async\" width=\"270\" height=\"382\" src=\"https:\/\/www.pfalzmarkt.de\/wp-content\/uploads\/pfalzmarkt-ifs-ansicht-270x382.jpg\" class=\"attachment-thumbnail size-thumbnail\" alt=\"\" srcset=\"https:\/\/www.pfalzmarkt.de\/wp-content\/uploads\/pfalzmarkt-ifs-ansicht-270x382.jpg 270w, https:\/\/www.pfalzmarkt.de\/wp-content\/uploads\/pfalzmarkt-ifs-ansicht-540x764.jpg 540w, https:\/\/www.pfalzmarkt.de\/wp-content\/uploads\/pfalzmarkt-ifs-ansicht-1080x1528.jpg 1080w, https:\/\/www.pfalzmarkt.de\/wp-content\/uploads\/pfalzmarkt-ifs-ansicht-1200x1697.jpg 1200w, https:\/\/www.pfalzmarkt.de\/wp-content\/uploads\/pfalzmarkt-ifs-ansicht.jpg 1240w\" sizes=\"(max-width: 270px) 100vw, 270px\" \/>\t\t\t\t\t\t\t\t\n\t\t\t\t\t\t\t\t\t\t\t\t\t\t\t\t<a href=\"https:\/\/www.pfalzmarkt.de\/wp-content\/uploads\/pfalzmarkt-ifs-pdf.pdf\" class=\"btn btn-primary btn-sm mt-3\" target=\"_blank\" rel=\"noopener noreferrer\">Download<\/a>\n\t\t\t\t\t\t\t\t\t<\/div>\n\t\t\t<\/div>\n\t\t\t\t\t\t<div class=\"col-md-6 col-lg-4\">\n\t\t\t\t<div class=\"border p-4 text-center mb-5\">\n\t\t\t\t\t\t\t\t\t\t\t\t\t\t\t\t<img decoding=\"async\" width=\"270\" height=\"382\" src=\"https:\/\/www.pfalzmarkt.de\/wp-content\/uploads\/pm-qs-grosshandel-ansicht-270x382.jpg\" class=\"attachment-thumbnail size-thumbnail\" alt=\"\" srcset=\"https:\/\/www.pfalzmarkt.de\/wp-content\/uploads\/pm-qs-grosshandel-ansicht-270x382.jpg 270w, https:\/\/www.pfalzmarkt.de\/wp-content\/uploads\/pm-qs-grosshandel-ansicht-540x763.jpg 540w, https:\/\/www.pfalzmarkt.de\/wp-content\/uploads\/pm-qs-grosshandel-ansicht-1080x1527.jpg 1080w, https:\/\/www.pfalzmarkt.de\/wp-content\/uploads\/pm-qs-grosshandel-ansicht-1200x1696.jpg 1200w, https:\/\/www.pfalzmarkt.de\/wp-content\/uploads\/pm-qs-grosshandel-ansicht.jpg 1240w\" sizes=\"(max-width: 270px) 100vw, 270px\" \/>\t\t\t\t\t\t\t\t\n\t\t\t\t\t\t\t\t\t\t\t\t\t\t\t\t<a href=\"https:\/\/www.pfalzmarkt.de\/wp-content\/uploads\/pfalzmarkt-qs-grosshandel-pdf.pdf\" class=\"btn btn-primary btn-sm mt-3\" target=\"_blank\" rel=\"noopener noreferrer\">Download<\/a>\n\t\t\t\t\t\t\t\t\t<\/div>\n\t\t\t<\/div>\n\t\t\t\t\t\t<div class=\"col-md-6 col-lg-4\">\n\t\t\t\t<div class=\"border p-4 text-center mb-5\">\n\t\t\t\t\t\t\t\t\t\t\t\t\t\t\t\t<img decoding=\"async\" width=\"270\" height=\"382\" src=\"https:\/\/www.pfalzmarkt.de\/wp-content\/uploads\/pm-qs-fias-ansicht-270x382.jpg\" class=\"attachment-thumbnail size-thumbnail\" alt=\"\" srcset=\"https:\/\/www.pfalzmarkt.de\/wp-content\/uploads\/pm-qs-fias-ansicht-270x382.jpg 270w, https:\/\/www.pfalzmarkt.de\/wp-content\/uploads\/pm-qs-fias-ansicht-540x763.jpg 540w, https:\/\/www.pfalzmarkt.de\/wp-content\/uploads\/pm-qs-fias-ansicht-1080x1527.jpg 1080w, https:\/\/www.pfalzmarkt.de\/wp-content\/uploads\/pm-qs-fias-ansicht-1200x1696.jpg 1200w, https:\/\/www.pfalzmarkt.de\/wp-content\/uploads\/pm-qs-fias-ansicht.jpg 1240w\" sizes=\"(max-width: 270px) 100vw, 270px\" \/>\t\t\t\t\t\t\t\t\n\t\t\t\t\t\t\t\t\t\t\t\t\t\t\t\t<a href=\"https:\/\/www.pfalzmarkt.de\/wp-content\/uploads\/pfalzmarkt-qs-fias-pdf.pdf\" class=\"btn btn-primary btn-sm mt-3\" target=\"_blank\" rel=\"noopener noreferrer\">Download<\/a>\n\t\t\t\t\t\t\t\t\t<\/div>\n\t\t\t<\/div>\n\t\t\t\t\t\t<div class=\"col-md-6 col-lg-4\">\n\t\t\t\t<div class=\"border p-4 text-center mb-5\">\n\t\t\t\t\t\t\t\t\t\t\t\t\t\t\t\t<img decoding=\"async\" width=\"270\" height=\"382\" src=\"https:\/\/www.pfalzmarkt.de\/wp-content\/uploads\/pfalzmarkt-buendler-ansicht-1-270x382.jpg\" class=\"attachment-thumbnail size-thumbnail\" alt=\"\" srcset=\"https:\/\/www.pfalzmarkt.de\/wp-content\/uploads\/pfalzmarkt-buendler-ansicht-1-270x382.jpg 270w, https:\/\/www.pfalzmarkt.de\/wp-content\/uploads\/pfalzmarkt-buendler-ansicht-1-540x764.jpg 540w, https:\/\/www.pfalzmarkt.de\/wp-content\/uploads\/pfalzmarkt-buendler-ansicht-1-1080x1528.jpg 1080w, https:\/\/www.pfalzmarkt.de\/wp-content\/uploads\/pfalzmarkt-buendler-ansicht-1-1200x1697.jpg 1200w, https:\/\/www.pfalzmarkt.de\/wp-content\/uploads\/pfalzmarkt-buendler-ansicht-1.jpg 1240w\" sizes=\"(max-width: 270px) 100vw, 270px\" \/>\t\t\t\t\t\t\t\t\n\t\t\t\t\t\t\t\t\t\t\t\t\t\t\t\t<a href=\"https:\/\/www.pfalzmarkt.de\/wp-content\/uploads\/pfalzmarkt-buendler-pdf-1.pdf\" class=\"btn btn-primary btn-sm mt-3\" target=\"_blank\" rel=\"noopener noreferrer\">Download<\/a>\n\t\t\t\t\t\t\t\t\t<\/div>\n\t\t\t<\/div>\n\t\t\t\t\t\t<div class=\"col-md-6 col-lg-4\">\n\t\t\t\t<div class=\"border p-4 text-center mb-5\">\n\t\t\t\t\t\t\t\t\t\t\t\t\t\t\t\t<img decoding=\"async\" width=\"270\" height=\"382\" src=\"https:\/\/www.pfalzmarkt.de\/wp-content\/uploads\/pfalzmarkt-ecocert-ansicht-270x382.jpg\" class=\"attachment-thumbnail size-thumbnail\" alt=\"\" srcset=\"https:\/\/www.pfalzmarkt.de\/wp-content\/uploads\/pfalzmarkt-ecocert-ansicht-270x382.jpg 270w, https:\/\/www.pfalzmarkt.de\/wp-content\/uploads\/pfalzmarkt-ecocert-ansicht-540x764.jpg 540w, https:\/\/www.pfalzmarkt.de\/wp-content\/uploads\/pfalzmarkt-ecocert-ansicht-1080x1528.jpg 1080w, https:\/\/www.pfalzmarkt.de\/wp-content\/uploads\/pfalzmarkt-ecocert-ansicht-1200x1697.jpg 1200w, https:\/\/www.pfalzmarkt.de\/wp-content\/uploads\/pfalzmarkt-ecocert-ansicht.jpg 1240w\" sizes=\"(max-width: 270px) 100vw, 270px\" \/>\t\t\t\t\t\t\t\t\n\t\t\t\t\t\t\t\t\t\t\t\t\t\t\t\t<a href=\"https:\/\/www.pfalzmarkt.de\/wp-content\/uploads\/pfalzmarkt-ecocert-pdf.pdf\" class=\"btn btn-primary btn-sm mt-3\" target=\"_blank\" rel=\"noopener noreferrer\">Download<\/a>\n\t\t\t\t\t\t\t\t\t<\/div>\n\t\t\t<\/div>\n\t\t\t\t\t\t<div class=\"col-md-6 col-lg-4\">\n\t\t\t\t<div class=\"border p-4 text-center mb-5\">\n\t\t\t\t\t\t\t\t\t\t\t\t\t\t\t\t<img decoding=\"async\" width=\"270\" height=\"382\" src=\"https:\/\/www.pfalzmarkt.de\/wp-content\/uploads\/pfalzmarkt-regionalfenster-ansicht-1-270x382.jpg\" class=\"attachment-thumbnail size-thumbnail\" alt=\"\" srcset=\"https:\/\/www.pfalzmarkt.de\/wp-content\/uploads\/pfalzmarkt-regionalfenster-ansicht-1-270x382.jpg 270w, https:\/\/www.pfalzmarkt.de\/wp-content\/uploads\/pfalzmarkt-regionalfenster-ansicht-1-540x763.jpg 540w, https:\/\/www.pfalzmarkt.de\/wp-content\/uploads\/pfalzmarkt-regionalfenster-ansicht-1-1080x1527.jpg 1080w, https:\/\/www.pfalzmarkt.de\/wp-content\/uploads\/pfalzmarkt-regionalfenster-ansicht-1-1200x1696.jpg 1200w, https:\/\/www.pfalzmarkt.de\/wp-content\/uploads\/pfalzmarkt-regionalfenster-ansicht-1.jpg 1240w\" sizes=\"(max-width: 270px) 100vw, 270px\" \/>\t\t\t\t\t\t\t\t\n\t\t\t\t\t\t\t\t\t\t\t\t\t\t\t\t<a href=\"https:\/\/www.pfalzmarkt.de\/wp-content\/uploads\/pfalzmarkt-regionalfenster-pdf.pdf\" class=\"btn btn-primary btn-sm mt-3\" target=\"_blank\" rel=\"noopener noreferrer\">Download<\/a>\n\t\t\t\t\t\t\t\t\t<\/div>\n\t\t\t<\/div>\n\t\t\t\t\t\t<div class=\"col-md-6 col-lg-4\">\n\t\t\t\t<div class=\"border p-4 text-center mb-5\">\n\t\t\t\t\t\t\t\t\t\t\t\t\t\t\t\t<img decoding=\"async\" width=\"270\" height=\"382\" src=\"https:\/\/www.pfalzmarkt.de\/wp-content\/uploads\/pfalzmarkt-qz-rp-ansicht-ansicht-270x382.jpg\" class=\"attachment-thumbnail size-thumbnail\" alt=\"\" srcset=\"https:\/\/www.pfalzmarkt.de\/wp-content\/uploads\/pfalzmarkt-qz-rp-ansicht-ansicht-270x382.jpg 270w, https:\/\/www.pfalzmarkt.de\/wp-content\/uploads\/pfalzmarkt-qz-rp-ansicht-ansicht-540x764.jpg 540w, https:\/\/www.pfalzmarkt.de\/wp-content\/uploads\/pfalzmarkt-qz-rp-ansicht-ansicht-1080x1528.jpg 1080w, https:\/\/www.pfalzmarkt.de\/wp-content\/uploads\/pfalzmarkt-qz-rp-ansicht-ansicht-1200x1697.jpg 1200w, https:\/\/www.pfalzmarkt.de\/wp-content\/uploads\/pfalzmarkt-qz-rp-ansicht-ansicht.jpg 1240w\" sizes=\"(max-width: 270px) 100vw, 270px\" \/>\t\t\t\t\t\t\t\t\n\t\t\t\t\t\t\t\t\t\t\t\t\t\t\t\t<a href=\"https:\/\/www.pfalzmarkt.de\/wp-content\/uploads\/pfalzmarkt-qz-rp-pdf.pdf\" class=\"btn btn-primary btn-sm mt-3\" target=\"_blank\" rel=\"noopener noreferrer\">Download<\/a>\n\t\t\t\t\t\t\t\t\t<\/div>\n\t\t\t<\/div>\n\t\t\t\t\t\t<div class=\"col-md-6 col-lg-4\">\n\t\t\t\t<div class=\"border p-4 text-center mb-5\">\n\t\t\t\t\t\t\t\t\t\t\t\t\t\t\t\t<img decoding=\"async\" width=\"270\" height=\"382\" src=\"https:\/\/www.pfalzmarkt.de\/wp-content\/uploads\/pfalzmarkt-qz-bw-ansicht-270x382.jpg\" class=\"attachment-thumbnail size-thumbnail\" alt=\"\" srcset=\"https:\/\/www.pfalzmarkt.de\/wp-content\/uploads\/pfalzmarkt-qz-bw-ansicht-270x382.jpg 270w, https:\/\/www.pfalzmarkt.de\/wp-content\/uploads\/pfalzmarkt-qz-bw-ansicht-540x764.jpg 540w, https:\/\/www.pfalzmarkt.de\/wp-content\/uploads\/pfalzmarkt-qz-bw-ansicht-1080x1528.jpg 1080w, https:\/\/www.pfalzmarkt.de\/wp-content\/uploads\/pfalzmarkt-qz-bw-ansicht-1200x1697.jpg 1200w, https:\/\/www.pfalzmarkt.de\/wp-content\/uploads\/pfalzmarkt-qz-bw-ansicht.jpg 1240w\" sizes=\"(max-width: 270px) 100vw, 270px\" \/>\t\t\t\t\t\t\t\t\n\t\t\t\t\t\t\t\t\t\t\t\t\t\t\t\t<a href=\"https:\/\/www.pfalzmarkt.de\/wp-content\/uploads\/pfalzmarkt-qz-bw-pdf.pdf\" class=\"btn btn-primary btn-sm mt-3\" target=\"_blank\" rel=\"noopener noreferrer\">Download<\/a>\n\t\t\t\t\t\t\t\t\t<\/div>\n\t\t\t<\/div>\n\t\t\t\t\t\t<div class=\"col-md-6 col-lg-4\">\n\t\t\t\t<div class=\"border p-4 text-center mb-5\">\n\t\t\t\t\t\t\t\t\t\t\t\t\t\t\t\t<img decoding=\"async\" width=\"270\" height=\"382\" src=\"https:\/\/www.pfalzmarkt.de\/wp-content\/uploads\/pfalzmarkt-gepr-qualitaet-hessen-ansicht-270x382.jpg\" class=\"attachment-thumbnail size-thumbnail\" alt=\"\" srcset=\"https:\/\/www.pfalzmarkt.de\/wp-content\/uploads\/pfalzmarkt-gepr-qualitaet-hessen-ansicht-270x382.jpg 270w, https:\/\/www.pfalzmarkt.de\/wp-content\/uploads\/pfalzmarkt-gepr-qualitaet-hessen-ansicht-540x764.jpg 540w, https:\/\/www.pfalzmarkt.de\/wp-content\/uploads\/pfalzmarkt-gepr-qualitaet-hessen-ansicht-1080x1528.jpg 1080w, https:\/\/www.pfalzmarkt.de\/wp-content\/uploads\/pfalzmarkt-gepr-qualitaet-hessen-ansicht-1200x1697.jpg 1200w, https:\/\/www.pfalzmarkt.de\/wp-content\/uploads\/pfalzmarkt-gepr-qualitaet-hessen-ansicht.jpg 1240w\" sizes=\"(max-width: 270px) 100vw, 270px\" \/>\t\t\t\t\t\t\t\t\n\t\t\t\t\t\t\t\t\t\t\t\t\t\t\t\t<a href=\"https:\/\/www.pfalzmarkt.de\/wp-content\/uploads\/pfalzmarkt-gepr-qualitaet-hessen-pdf.pdf\" class=\"btn btn-primary btn-sm mt-3\" target=\"_blank\" rel=\"noopener noreferrer\">Download<\/a>\n\t\t\t\t\t\t\t\t\t<\/div>\n\t\t\t<\/div>\n\t\t\t\t\t<\/div>\n\t<\/div>\n\t\n\n\n<h2 class=\"wp-block-heading\">Gem\u00fcsegarten RheinPfalz GmbH<\/h2>\n\n\n<!-- Block for downloads with image preview-->\n\n\t<div class=\"download_with_image_preview\">\n\t\t<div class=\"row\">\n\t\t\t\t\t\t<div class=\"col-md-6 col-lg-4\">\n\t\t\t\t<div class=\"border p-4 text-center mb-5\">\n\t\t\t\t\t\t\t\t\t\t\t\t\t\t\t\t<img decoding=\"async\" width=\"270\" height=\"382\" src=\"https:\/\/www.pfalzmarkt.de\/wp-content\/uploads\/gemuesegarten-ifs-en-ansicht-270x382.jpg\" class=\"attachment-thumbnail size-thumbnail\" alt=\"\" srcset=\"https:\/\/www.pfalzmarkt.de\/wp-content\/uploads\/gemuesegarten-ifs-en-ansicht-270x382.jpg 270w, https:\/\/www.pfalzmarkt.de\/wp-content\/uploads\/gemuesegarten-ifs-en-ansicht-540x764.jpg 540w, https:\/\/www.pfalzmarkt.de\/wp-content\/uploads\/gemuesegarten-ifs-en-ansicht-1080x1528.jpg 1080w, https:\/\/www.pfalzmarkt.de\/wp-content\/uploads\/gemuesegarten-ifs-en-ansicht-1200x1697.jpg 1200w, https:\/\/www.pfalzmarkt.de\/wp-content\/uploads\/gemuesegarten-ifs-en-ansicht.jpg 1240w\" sizes=\"(max-width: 270px) 100vw, 270px\" \/>\t\t\t\t\t\t\t\t\n\t\t\t\t\t\t\t\t\t\t\t\t\t\t\t\t<a href=\"https:\/\/www.pfalzmarkt.de\/wp-content\/uploads\/gemuesegarten-ifs-en-pdf.pdf\" class=\"btn btn-primary btn-sm mt-3\" target=\"_blank\" rel=\"noopener noreferrer\">Download<\/a>\n\t\t\t\t\t\t\t\t\t<\/div>\n\t\t\t<\/div>\n\t\t\t\t\t\t<div class=\"col-md-6 col-lg-4\">\n\t\t\t\t<div class=\"border p-4 text-center mb-5\">\n\t\t\t\t\t\t\t\t\t\t\t\t\t\t\t\t<img decoding=\"async\" width=\"270\" height=\"382\" src=\"https:\/\/www.pfalzmarkt.de\/wp-content\/uploads\/gemuesegarten-qs-grosshandel-ansicht-270x382.jpg\" class=\"attachment-thumbnail size-thumbnail\" alt=\"\" srcset=\"https:\/\/www.pfalzmarkt.de\/wp-content\/uploads\/gemuesegarten-qs-grosshandel-ansicht-270x382.jpg 270w, https:\/\/www.pfalzmarkt.de\/wp-content\/uploads\/gemuesegarten-qs-grosshandel-ansicht-540x763.jpg 540w, https:\/\/www.pfalzmarkt.de\/wp-content\/uploads\/gemuesegarten-qs-grosshandel-ansicht-1080x1527.jpg 1080w, https:\/\/www.pfalzmarkt.de\/wp-content\/uploads\/gemuesegarten-qs-grosshandel-ansicht-1200x1696.jpg 1200w, https:\/\/www.pfalzmarkt.de\/wp-content\/uploads\/gemuesegarten-qs-grosshandel-ansicht.jpg 1240w\" sizes=\"(max-width: 270px) 100vw, 270px\" \/>\t\t\t\t\t\t\t\t\n\t\t\t\t\t\t\t\t\t\t\t\t\t\t\t\t<a href=\"https:\/\/www.pfalzmarkt.de\/wp-content\/uploads\/gemuesegarten-qs-grosshandel-pdf.pdf\" class=\"btn btn-primary btn-sm mt-3\" target=\"_blank\" rel=\"noopener noreferrer\">Download<\/a>\n\t\t\t\t\t\t\t\t\t<\/div>\n\t\t\t<\/div>\n\t\t\t\t\t\t<div class=\"col-md-6 col-lg-4\">\n\t\t\t\t<div class=\"border p-4 text-center mb-5\">\n\t\t\t\t\t\t\t\t\t\t\t\t\t\t\t\t<img decoding=\"async\" width=\"270\" height=\"382\" src=\"https:\/\/www.pfalzmarkt.de\/wp-content\/uploads\/gemuesegarten-ecocert-ansicht-1-270x382.jpg\" class=\"attachment-thumbnail size-thumbnail\" alt=\"\" srcset=\"https:\/\/www.pfalzmarkt.de\/wp-content\/uploads\/gemuesegarten-ecocert-ansicht-1-270x382.jpg 270w, https:\/\/www.pfalzmarkt.de\/wp-content\/uploads\/gemuesegarten-ecocert-ansicht-1-540x764.jpg 540w, https:\/\/www.pfalzmarkt.de\/wp-content\/uploads\/gemuesegarten-ecocert-ansicht-1-1080x1528.jpg 1080w, https:\/\/www.pfalzmarkt.de\/wp-content\/uploads\/gemuesegarten-ecocert-ansicht-1-1200x1697.jpg 1200w, https:\/\/www.pfalzmarkt.de\/wp-content\/uploads\/gemuesegarten-ecocert-ansicht-1.jpg 1240w\" sizes=\"(max-width: 270px) 100vw, 270px\" \/>\t\t\t\t\t\t\t\t\n\t\t\t\t\t\t\t\t\t\t\t\t\t\t\t\t<a href=\"https:\/\/www.pfalzmarkt.de\/wp-content\/uploads\/gemuesegarten-ecocert-pdf.pdf\" class=\"btn btn-primary btn-sm mt-3\" target=\"_blank\" rel=\"noopener noreferrer\">Download<\/a>\n\t\t\t\t\t\t\t\t\t<\/div>\n\t\t\t<\/div>\n\t\t\t\t\t\t<div class=\"col-md-6 col-lg-4\">\n\t\t\t\t<div class=\"border p-4 text-center mb-5\">\n\t\t\t\t\t\t\t\t\t\t\t\t\t\t\t\t<img decoding=\"async\" width=\"270\" height=\"382\" src=\"https:\/\/www.pfalzmarkt.de\/wp-content\/uploads\/gemuesegarten-qz-rp-ansicht-270x382.jpg\" class=\"attachment-thumbnail size-thumbnail\" alt=\"\" srcset=\"https:\/\/www.pfalzmarkt.de\/wp-content\/uploads\/gemuesegarten-qz-rp-ansicht-270x382.jpg 270w, https:\/\/www.pfalzmarkt.de\/wp-content\/uploads\/gemuesegarten-qz-rp-ansicht-540x764.jpg 540w, https:\/\/www.pfalzmarkt.de\/wp-content\/uploads\/gemuesegarten-qz-rp-ansicht-1080x1528.jpg 1080w, https:\/\/www.pfalzmarkt.de\/wp-content\/uploads\/gemuesegarten-qz-rp-ansicht-1200x1697.jpg 1200w, https:\/\/www.pfalzmarkt.de\/wp-content\/uploads\/gemuesegarten-qz-rp-ansicht.jpg 1240w\" sizes=\"(max-width: 270px) 100vw, 270px\" \/>\t\t\t\t\t\t\t\t\n\t\t\t\t\t\t\t\t\t\t\t\t\t\t\t\t<a href=\"https:\/\/www.pfalzmarkt.de\/wp-content\/uploads\/gemuesegarten-qzrp-pdf.pdf\" class=\"btn btn-primary btn-sm mt-3\" target=\"_blank\" rel=\"noopener noreferrer\">Download<\/a>\n\t\t\t\t\t\t\t\t\t<\/div>\n\t\t\t<\/div>\n\t\t\t\t\t\t<div class=\"col-md-6 col-lg-4\">\n\t\t\t\t<div class=\"border p-4 text-center mb-5\">\n\t\t\t\t\t\t\t\t\t\t\t\t\t\t\t\t<img decoding=\"async\" width=\"270\" height=\"382\" src=\"https:\/\/www.pfalzmarkt.de\/wp-content\/uploads\/gemuesegarten-qz-bw-ansicht-270x382.jpg\" class=\"attachment-thumbnail size-thumbnail\" alt=\"\" srcset=\"https:\/\/www.pfalzmarkt.de\/wp-content\/uploads\/gemuesegarten-qz-bw-ansicht-270x382.jpg 270w, https:\/\/www.pfalzmarkt.de\/wp-content\/uploads\/gemuesegarten-qz-bw-ansicht-540x764.jpg 540w, https:\/\/www.pfalzmarkt.de\/wp-content\/uploads\/gemuesegarten-qz-bw-ansicht-1080x1528.jpg 1080w, https:\/\/www.pfalzmarkt.de\/wp-content\/uploads\/gemuesegarten-qz-bw-ansicht-1200x1697.jpg 1200w, https:\/\/www.pfalzmarkt.de\/wp-content\/uploads\/gemuesegarten-qz-bw-ansicht.jpg 1240w\" sizes=\"(max-width: 270px) 100vw, 270px\" \/>\t\t\t\t\t\t\t\t\n\t\t\t\t\t\t\t\t\t\t\t\t\t\t\t\t<a href=\"https:\/\/www.pfalzmarkt.de\/wp-content\/uploads\/gemuesegarten-qzbw-pdf.pdf\" class=\"btn btn-primary btn-sm mt-3\" target=\"_blank\" rel=\"noopener noreferrer\">Download<\/a>\n\t\t\t\t\t\t\t\t\t<\/div>\n\t\t\t<\/div>\n\t\t\t\t\t\t<div class=\"col-md-6 col-lg-4\">\n\t\t\t\t<div class=\"border p-4 text-center mb-5\">\n\t\t\t\t\t\t\t\t\t\t\t\t\t\t\t\t<img decoding=\"async\" width=\"270\" height=\"382\" src=\"https:\/\/www.pfalzmarkt.de\/wp-content\/uploads\/gemuesegarten-gepr-qualitaet-hessen-ansicht-270x382.jpg\" class=\"attachment-thumbnail size-thumbnail\" alt=\"\" srcset=\"https:\/\/www.pfalzmarkt.de\/wp-content\/uploads\/gemuesegarten-gepr-qualitaet-hessen-ansicht-270x382.jpg 270w, https:\/\/www.pfalzmarkt.de\/wp-content\/uploads\/gemuesegarten-gepr-qualitaet-hessen-ansicht-540x764.jpg 540w, https:\/\/www.pfalzmarkt.de\/wp-content\/uploads\/gemuesegarten-gepr-qualitaet-hessen-ansicht-1080x1528.jpg 1080w, https:\/\/www.pfalzmarkt.de\/wp-content\/uploads\/gemuesegarten-gepr-qualitaet-hessen-ansicht-1200x1697.jpg 1200w, https:\/\/www.pfalzmarkt.de\/wp-content\/uploads\/gemuesegarten-gepr-qualitaet-hessen-ansicht.jpg 1240w\" sizes=\"(max-width: 270px) 100vw, 270px\" \/>\t\t\t\t\t\t\t\t\n\t\t\t\t\t\t\t\t\t\t\t\t\t\t\t\t<a href=\"https:\/\/www.pfalzmarkt.de\/wp-content\/uploads\/gemuesegarten-gepr-qualitaet-hessen.pdf\" class=\"btn btn-primary btn-sm mt-3\" target=\"_blank\" rel=\"noopener noreferrer\">Download<\/a>\n\t\t\t\t\t\t\t\t\t<\/div>\n\t\t\t<\/div>\n\t\t\t\t\t\t<div class=\"col-md-6 col-lg-4\">\n\t\t\t\t<div class=\"border p-4 text-center mb-5\">\n\t\t\t\t\t\t\t\t\t\t\t\t\t\t\t\t<img decoding=\"async\" width=\"270\" height=\"382\" src=\"https:\/\/www.pfalzmarkt.de\/wp-content\/uploads\/gemuesegarten-regionalfenster-ansicht-1-270x382.jpg\" class=\"attachment-thumbnail size-thumbnail\" alt=\"\" srcset=\"https:\/\/www.pfalzmarkt.de\/wp-content\/uploads\/gemuesegarten-regionalfenster-ansicht-1-270x382.jpg 270w, https:\/\/www.pfalzmarkt.de\/wp-content\/uploads\/gemuesegarten-regionalfenster-ansicht-1-540x763.jpg 540w, https:\/\/www.pfalzmarkt.de\/wp-content\/uploads\/gemuesegarten-regionalfenster-ansicht-1-1080x1527.jpg 1080w, https:\/\/www.pfalzmarkt.de\/wp-content\/uploads\/gemuesegarten-regionalfenster-ansicht-1-1200x1696.jpg 1200w, https:\/\/www.pfalzmarkt.de\/wp-content\/uploads\/gemuesegarten-regionalfenster-ansicht-1.jpg 1240w\" sizes=\"(max-width: 270px) 100vw, 270px\" \/>\t\t\t\t\t\t\t\t\n\t\t\t\t\t\t\t\t\t\t\t\t\t\t\t\t<a href=\"https:\/\/www.pfalzmarkt.de\/wp-content\/uploads\/gemuesegarten-regionalfenster-pdf.pdf\" class=\"btn btn-primary btn-sm mt-3\" target=\"_blank\" rel=\"noopener noreferrer\">Download<\/a>\n\t\t\t\t\t\t\t\t\t<\/div>\n\t\t\t<\/div>\n\t\t\t\t\t<\/div>\n\t<\/div>\n\t","protected":false},"excerpt":{"rendered":"<p>Pfalzmarkt f\u00fcr Obst und Gem\u00fcse eG Gem\u00fcsegarten RheinPfalz GmbH<\/p>\n","protected":false},"author":3,"featured_media":0,"parent":0,"menu_order":0,"comment_status":"closed","ping_status":"closed","template":"","meta":{"_acf_changed":false,"inline_featured_image":false,"footnotes":""},"class_list":["post-3144","page","type-page","status-publish"],"acf":[],"_links":{"self":[{"href":"https:\/\/www.pfalzmarkt.de\/en\/wp-json\/wp\/v2\/pages\/3144","targetHints":{"allow":["GET"]}}],"collection":[{"href":"https:\/\/www.pfalzmarkt.de\/en\/wp-json\/wp\/v2\/pages"}],"about":[{"href":"https:\/\/www.pfalzmarkt.de\/en\/wp-json\/wp\/v2\/types\/page"}],"author":[{"embeddable":true,"href":"https:\/\/www.pfalzmarkt.de\/en\/wp-json\/wp\/v2\/users\/3"}],"replies":[{"embeddable":true,"href":"https:\/\/www.pfalzmarkt.de\/en\/wp-json\/wp\/v2\/comments?post=3144"}],"version-history":[{"count":149,"href":"https:\/\/www.pfalzmarkt.de\/en\/wp-json\/wp\/v2\/pages\/3144\/revisions"}],"predecessor-version":[{"id":12252,"href":"https:\/\/www.pfalzmarkt.de\/en\/wp-json\/wp\/v2\/pages\/3144\/revisions\/12252"}],"wp:attachment":[{"href":"https:\/\/www.pfalzmarkt.de\/en\/wp-json\/wp\/v2\/media?parent=3144"}],"curies":[{"name":"wp","href":"https:\/\/api.w.org\/{rel}","templated":true}]}}